{"id":8,"date":"2020-08-02T10:30:45","date_gmt":"2020-08-02T10:30:45","guid":{"rendered":"http:\/\/www.maskeizolasyon.com.tr\/?page_id=8"},"modified":"2020-08-02T16:29:30","modified_gmt":"2020-08-02T16:29:30","slug":"bize-ulasin","status":"publish","type":"page","link":"http:\/\/www.maskeizolasyon.com.tr\/index.php\/bize-ulasin\/","title":{"rendered":"Bize ula\u015f\u0131n"},"content":{"rendered":"\n<p>A\u015fa\u011f\u0131daki email ve telefon numaralar\u0131ndan bize ula\u015fabilirsiniz.<\/p>\n\n\n\n<p>info@maskeizolasyon.com.tr<\/p>\n\n\n\n<p>0232 251 61 71<\/p>\n","protected":false},"excerpt":{"rendered":"<p>A\u015fa\u011f\u0131daki email ve telefon numaralar\u0131ndan bize ula\u015fabilirsiniz. info@maskeizolasyon.com.tr 0232 251 61 71<\/p>\n","protected":false},"author":1,"featured_media":49,"parent":0,"menu_order":0,"comment_status":"closed","ping_status":"closed","template":"","meta":{"footnotes":""},"_links":{"self":[{"href":"http:\/\/www.maskeizolasyon.com.tr\/index.php\/wp-json\/wp\/v2\/pages\/8"}],"collection":[{"href":"http:\/\/www.maskeizolasyon.com.tr\/index.php\/wp-json\/wp\/v2\/pages"}],"about":[{"href":"http:\/\/www.maskeizolasyon.com.tr\/index.php\/wp-json\/wp\/v2\/types\/page"}],"author":[{"embeddable":true,"href":"http:\/\/www.maskeizolasyon.com.tr\/index.php\/wp-json\/wp\/v2\/users\/1"}],"replies":[{"embeddable":true,"href":"http:\/\/www.maskeizolasyon.com.tr\/index.php\/wp-json\/wp\/v2\/comments?post=8"}],"version-history":[{"count":3,"href":"http:\/\/www.maskeizolasyon.com.tr\/index.php\/wp-json\/wp\/v2\/pages\/8\/revisions"}],"predecessor-version":[{"id":64,"href":"http:\/\/www.maskeizolasyon.com.tr\/index.php\/wp-json\/wp\/v2\/pages\/8\/revisions\/64"}],"wp:featuredmedia":[{"embeddable":true,"href":"http:\/\/www.maskeizolasyon.com.tr\/index.php\/wp-json\/wp\/v2\/media\/49"}],"wp:attachment":[{"href":"http:\/\/www.maskeizolasyon.com.tr\/index.php\/wp-json\/wp\/v2\/media?parent=8"}],"curies":[{"name":"wp","href":"https:\/\/api.w.org\/{rel}","templated":true}]}}