{"id":7,"date":"2020-08-02T10:30:45","date_gmt":"2020-08-02T10:30:45","guid":{"rendered":"http:\/\/www.maskeizolasyon.com.tr\/?page_id=7"},"modified":"2020-08-02T16:54:50","modified_gmt":"2020-08-02T16:54:50","slug":"hakkimizda","status":"publish","type":"page","link":"http:\/\/www.maskeizolasyon.com.tr\/index.php\/hakkimizda\/","title":{"rendered":"Hakk\u0131m\u0131zda"},"content":{"rendered":"\n<p>\u0130zolasyondaki 20 y\u0131l\u0131 a\u015fk\u0131n deneyimimiz ile sizlere uzun y\u0131llard\u0131r en iyi \u00e7\u00f6z\u00fcmleri sunmaktay\u0131z. Hugo Boss, Hidromek, Holiday Inn gibi se\u00e7kin markalar bizim m\u00fc\u015fteri portf\u00f6y\u00fcm\u00fcz\u00fcn sadece k\u00fc\u00e7\u00fck bir k\u0131sm\u0131d\u0131r.<\/p>\n","protected":false},"excerpt":{"rendered":"<p>\u0130zolasyondaki 20 y\u0131l\u0131 a\u015fk\u0131n deneyimimiz ile sizlere uzun y\u0131llard\u0131r en iyi \u00e7\u00f6z\u00fcmleri sunmaktay\u0131z. Hugo Boss, Hidromek, Holiday Inn gibi se\u00e7kin markalar bizim m\u00fc\u015fteri portf\u00f6y\u00fcm\u00fcz\u00fcn sadece k\u00fc\u00e7\u00fck bir k\u0131sm\u0131d\u0131r.<\/p>\n","protected":false},"author":1,"featured_media":77,"parent":0,"menu_order":0,"comment_status":"closed","ping_status":"closed","template":"","meta":{"footnotes":""},"_links":{"self":[{"href":"http:\/\/www.maskeizolasyon.com.tr\/index.php\/wp-json\/wp\/v2\/pages\/7"}],"collection":[{"href":"http:\/\/www.maskeizolasyon.com.tr\/index.php\/wp-json\/wp\/v2\/pages"}],"about":[{"href":"http:\/\/www.maskeizolasyon.com.tr\/index.php\/wp-json\/wp\/v2\/types\/page"}],"author":[{"embeddable":true,"href":"http:\/\/www.maskeizolasyon.com.tr\/index.php\/wp-json\/wp\/v2\/users\/1"}],"replies":[{"embeddable":true,"href":"http:\/\/www.maskeizolasyon.com.tr\/index.php\/wp-json\/wp\/v2\/comments?post=7"}],"version-history":[{"count":2,"href":"http:\/\/www.maskeizolasyon.com.tr\/index.php\/wp-json\/wp\/v2\/pages\/7\/revisions"}],"predecessor-version":[{"id":65,"href":"http:\/\/www.maskeizolasyon.com.tr\/index.php\/wp-json\/wp\/v2\/pages\/7\/revisions\/65"}],"wp:featuredmedia":[{"embeddable":true,"href":"http:\/\/www.maskeizolasyon.com.tr\/index.php\/wp-json\/wp\/v2\/media\/77"}],"wp:attachment":[{"href":"http:\/\/www.maskeizolasyon.com.tr\/index.php\/wp-json\/wp\/v2\/media?parent=7"}],"curies":[{"name":"wp","href":"https:\/\/api.w.org\/{rel}","templated":true}]}}