{"id":14,"date":"2020-08-02T10:30:45","date_gmt":"2020-08-02T10:30:45","guid":{"rendered":"http:\/\/www.maskeizolasyon.com.tr\/?page_id=14"},"modified":"2020-08-02T16:55:48","modified_gmt":"2020-08-02T16:55:48","slug":"ana-sayfa","status":"publish","type":"page","link":"http:\/\/www.maskeizolasyon.com.tr\/","title":{"rendered":"Ana sayfa"},"content":{"rendered":"\n<p>\u0130zolasyondaki kesin \u00e7\u00f6z\u00fcm orta\u011f\u0131n\u0131z.<\/p>\n","protected":false},"excerpt":{"rendered":"<p>\u0130zolasyondaki kesin \u00e7\u00f6z\u00fcm orta\u011f\u0131n\u0131z.<\/p>\n","protected":false},"author":1,"featured_media":74,"parent":0,"menu_order":0,"comment_status":"closed","ping_status":"closed","template":"","meta":{"footnotes":""},"_links":{"self":[{"href":"http:\/\/www.maskeizolasyon.com.tr\/index.php\/wp-json\/wp\/v2\/pages\/14"}],"collection":[{"href":"http:\/\/www.maskeizolasyon.com.tr\/index.php\/wp-json\/wp\/v2\/pages"}],"about":[{"href":"http:\/\/www.maskeizolasyon.com.tr\/index.php\/wp-json\/wp\/v2\/types\/page"}],"author":[{"embeddable":true,"href":"http:\/\/www.maskeizolasyon.com.tr\/index.php\/wp-json\/wp\/v2\/users\/1"}],"replies":[{"embeddable":true,"href":"http:\/\/www.maskeizolasyon.com.tr\/index.php\/wp-json\/wp\/v2\/comments?post=14"}],"version-history":[{"count":3,"href":"http:\/\/www.maskeizolasyon.com.tr\/index.php\/wp-json\/wp\/v2\/pages\/14\/revisions"}],"predecessor-version":[{"id":85,"href":"http:\/\/www.maskeizolasyon.com.tr\/index.php\/wp-json\/wp\/v2\/pages\/14\/revisions\/85"}],"wp:featuredmedia":[{"embeddable":true,"href":"http:\/\/www.maskeizolasyon.com.tr\/index.php\/wp-json\/wp\/v2\/media\/74"}],"wp:attachment":[{"href":"http:\/\/www.maskeizolasyon.com.tr\/index.php\/wp-json\/wp\/v2\/media?parent=14"}],"curies":[{"name":"wp","href":"https:\/\/api.w.org\/{rel}","templated":true}]}}